{"id":87,"date":"2022-05-16T12:04:44","date_gmt":"2022-05-16T16:04:44","guid":{"rendered":"https:\/\/entrepriseskd.ca\/?page_id=87"},"modified":"2022-06-05T12:42:29","modified_gmt":"2022-06-05T16:42:29","slug":"cgh","status":"publish","type":"page","link":"https:\/\/entrepriseskd.ca\/index.php\/cgh\/","title":{"rendered":"CGH"},"content":{"rendered":"<p>[et_pb_section fb_built=&#8221;1&#8243; _builder_version=&#8221;4.9.4&#8243; _module_preset=&#8221;default&#8221; use_background_color_gradient=&#8221;on&#8221; background_color_gradient_end=&#8221;#570ab5&#8243; background_enable_image=&#8221;off&#8221;][et_pb_row column_structure=&#8221;1_4,1_4,1_4,1_4&#8243; _builder_version=&#8221;4.9.4&#8243; _module_preset=&#8221;default&#8221;][et_pb_column type=&#8221;1_4&#8243; _builder_version=&#8221;4.9.4&#8243; _module_preset=&#8221;default&#8221;][et_pb_text _builder_version=&#8221;4.9.4&#8243; _module_preset=&#8221;default&#8221; animation_style=&#8221;flip&#8221; animation_direction=&#8221;bottom&#8221; animation_duration=&#8221;1800ms&#8221;]<\/p>\n<h4><span style=\"color: #ffffff;\"><strong>Conception web avec WordPress<\/strong><\/span><\/h4>\n<p>[\/et_pb_text][et_pb_text _builder_version=&#8221;4.9.4&#8243; _module_preset=&#8221;default&#8221; animation_style=&#8221;flip&#8221; animation_duration=&#8221;1800ms&#8221;]<\/p>\n<h4><span style=\"color: #ffffff;\"><strong>Graphisme<\/strong><\/span><\/h4>\n<p>[\/et_pb_text][et_pb_text _builder_version=&#8221;4.9.4&#8243; _module_preset=&#8221;default&#8221; animation_style=&#8221;flip&#8221; animation_direction=&#8221;top&#8221; animation_duration=&#8221;1800ms&#8221;]<\/p>\n<h4><span style=\"color: #ffffff;\"><strong>H\u00e9bergement<\/strong><\/span><\/h4>\n<p>[\/et_pb_text][\/et_pb_column][et_pb_column type=&#8221;1_4&#8243; _builder_version=&#8221;4.9.4&#8243; _module_preset=&#8221;default&#8221;][et_pb_image src=&#8221;https:\/\/entrepriseskd.ca\/wp-content\/uploads\/2022\/06\/png-transparent-web-development-wordpress-com-computer-icons-wordpress-blue-web-design-text.png&#8221; title_text=&#8221;png-transparent-web-development-wordpress-com-computer-icons-wordpress-blue-web-design-text&#8221; _builder_version=&#8221;4.9.4&#8243; _module_preset=&#8221;default&#8221; animation_style=&#8221;slide&#8221; animation_direction=&#8221;bottom&#8221; animation_duration=&#8221;1800ms&#8221;][\/et_pb_image][\/et_pb_column][et_pb_column type=&#8221;1_4&#8243; _builder_version=&#8221;4.9.4&#8243; _module_preset=&#8221;default&#8221;][et_pb_image src=&#8221;https:\/\/entrepriseskd.ca\/wp-content\/uploads\/2022\/06\/laptop-2838921_1280-845&#215;321-1.jpg&#8221; title_text=&#8221;laptop-2838921_1280-845&#215;321&#8243; align=&#8221;center&#8221; force_fullwidth=&#8221;on&#8221; _builder_version=&#8221;4.9.4&#8243; _module_preset=&#8221;default&#8221; use_background_color_gradient=&#8221;on&#8221; background_color_gradient_end=&#8221;#000000&#8243; module_alignment=&#8221;center&#8221; animation_style=&#8221;slide&#8221; animation_duration=&#8221;1800ms&#8221;][\/et_pb_image][\/et_pb_column][et_pb_column type=&#8221;1_4&#8243; _builder_version=&#8221;4.9.4&#8243; _module_preset=&#8221;default&#8221;][et_pb_image src=&#8221;https:\/\/entrepriseskd.ca\/wp-content\/uploads\/2022\/06\/piece-de-serveur-reseau-114138731.jpg&#8221; title_text=&#8221;pi\u00e8ce-de-serveur-r\u00e9seau-114138731&#8243; align=&#8221;center&#8221; _builder_version=&#8221;4.9.4&#8243; _module_preset=&#8221;default&#8221; background_color=&#8221;#FFFFFF&#8221; use_background_color_gradient=&#8221;on&#8221; background_color_gradient_start=&#8221;#ffffff&#8221; background_color_gradient_end=&#8221;#0c71c3&#8243; width=&#8221;100%&#8221; module_alignment=&#8221;center&#8221; animation_style=&#8221;slide&#8221; animation_direction=&#8221;top&#8221; animation_duration=&#8221;1800ms&#8221;][\/et_pb_image][\/et_pb_column][\/et_pb_row][et_pb_row _builder_version=&#8221;4.9.4&#8243; _module_preset=&#8221;default&#8221;][et_pb_column type=&#8221;4_4&#8243; _builder_version=&#8221;4.9.4&#8243; _module_preset=&#8221;default&#8221;][et_pb_text _builder_version=&#8221;4.9.4&#8243; _module_preset=&#8221;default&#8221; background_color=&#8221;rgba(158,158,158,0)&#8221; use_background_color_gradient=&#8221;on&#8221; background_color_gradient_end=&#8221;#000000&#8243;]<\/p>\n<p>&nbsp;<\/p>\n<p><span style=\"color: #ffffff;\">\u00a0<\/span><\/p>\n<ul>\n<li><span style=\"color: #ffffff;\">Cr\u00e9ation du contenu imag\u00e9 ou textuel, des diff\u00e9rentes pages;<\/span><\/li>\n<li><span style=\"color: #ffffff;\">Corr\u00e9lation des liens entre celles-ci;<\/span><\/li>\n<li><span style=\"color: #ffffff;\">Cr\u00e9ation de formulaire(s) de contact;<\/span><\/li>\n<li><span style=\"color: #ffffff;\">Cr\u00e9ation de solution eCommerce;<\/span><\/li>\n<li><span style=\"color: #ffffff;\">Service d\u2019une graphiste professionnelle pour la cr\u00e9ation de votre logo ou un fond personnalis\u00e9;<\/span><\/li>\n<li><span style=\"color: #ffffff;\">Service d\u2019h\u00e9bergement avec des GB de m\u00e9moire adaptables \u00e0 vos besoins et trois courriels professionnels inclus de base.\u00a0<\/span><\/li>\n<\/ul>\n<p style=\"text-align: center;\"><strong><span style=\"color: #ffffff;\"><span style=\"color: #ff0000;\">\u00c9conomisez 20% de rabais sur ce fofait!<\/span><\/span><\/strong><\/p>\n<p>[\/et_pb_text][\/et_pb_column][\/et_pb_row][et_pb_row _builder_version=&#8221;4.9.4&#8243; _module_preset=&#8221;default&#8221; background_enable_image=&#8221;off&#8221; min_height=&#8221;126px&#8221;][et_pb_column type=&#8221;4_4&#8243; _builder_version=&#8221;4.9.4&#8243; _module_preset=&#8221;default&#8221;][et_pb_button button_url=&#8221;@ET-DC@eyJkeW5hbWljIjp0cnVlLCJjb250ZW50IjoicG9zdF9saW5rX3VybF9wYWdlIiwic2V0dGluZ3MiOnsicG9zdF9pZCI6IjEzNyJ9fQ==@&#8221; button_text=&#8221;Contactez-nous&#8221; button_alignment=&#8221;center&#8221; _builder_version=&#8221;4.9.4&#8243; _dynamic_attributes=&#8221;button_url&#8221; _module_preset=&#8221;default&#8221; custom_button=&#8221;on&#8221; button_text_color=&#8221;#FFFFFF&#8221; button_bg_use_color_gradient=&#8221;on&#8221; button_bg_color_gradient_end=&#8221;#000000&#8243;][\/et_pb_button][\/et_pb_column][\/et_pb_row][\/et_pb_section]<\/p>\n","protected":false},"excerpt":{"rendered":"<p>Conception web avec WordPressGraphismeH\u00e9bergement&nbsp; \u00a0 Cr\u00e9ation du contenu imag\u00e9 ou textuel, des diff\u00e9rentes pages; Corr\u00e9lation des liens entre celles-ci; Cr\u00e9ation de formulaire(s) de contact; Cr\u00e9ation de solution eCommerce; Service d\u2019une graphiste professionnelle pour la cr\u00e9ation de votre logo ou un fond personnalis\u00e9; Service d\u2019h\u00e9bergement avec des GB de m\u00e9moire adaptables \u00e0 vos besoins et trois [&hellip;]<\/p>\n","protected":false},"author":1,"featured_media":0,"parent":0,"menu_order":0,"comment_status":"closed","ping_status":"closed","template":"","meta":{"_et_pb_use_builder":"on","_et_pb_old_content":"","_et_gb_content_width":"","footnotes":""},"class_list":["post-87","page","type-page","status-publish","hentry"],"_links":{"self":[{"href":"https:\/\/entrepriseskd.ca\/index.php\/wp-json\/wp\/v2\/pages\/87","targetHints":{"allow":["GET"]}}],"collection":[{"href":"https:\/\/entrepriseskd.ca\/index.php\/wp-json\/wp\/v2\/pages"}],"about":[{"href":"https:\/\/entrepriseskd.ca\/index.php\/wp-json\/wp\/v2\/types\/page"}],"author":[{"embeddable":true,"href":"https:\/\/entrepriseskd.ca\/index.php\/wp-json\/wp\/v2\/users\/1"}],"replies":[{"embeddable":true,"href":"https:\/\/entrepriseskd.ca\/index.php\/wp-json\/wp\/v2\/comments?post=87"}],"version-history":[{"count":12,"href":"https:\/\/entrepriseskd.ca\/index.php\/wp-json\/wp\/v2\/pages\/87\/revisions"}],"predecessor-version":[{"id":218,"href":"https:\/\/entrepriseskd.ca\/index.php\/wp-json\/wp\/v2\/pages\/87\/revisions\/218"}],"wp:attachment":[{"href":"https:\/\/entrepriseskd.ca\/index.php\/wp-json\/wp\/v2\/media?parent=87"}],"curies":[{"name":"wp","href":"https:\/\/api.w.org\/{rel}","templated":true}]}}