{"id":72,"date":"2022-05-16T11:26:03","date_gmt":"2022-05-16T15:26:03","guid":{"rendered":"https:\/\/entrepriseskd.ca\/?page_id=72"},"modified":"2023-09-06T09:01:56","modified_gmt":"2023-09-06T13:01:56","slug":"conception-avec-wordpress","status":"publish","type":"page","link":"https:\/\/entrepriseskd.ca\/index.php\/conception-avec-wordpress\/","title":{"rendered":"Conception avec WordPress"},"content":{"rendered":"<p>[et_pb_section fb_built=&#8221;1&#8243; _builder_version=&#8221;4.9.4&#8243; _module_preset=&#8221;default&#8221; use_background_color_gradient=&#8221;on&#8221; background_color_gradient_end=&#8221;#570ab5&#8243; background_enable_image=&#8221;off&#8221;][et_pb_row column_structure=&#8221;1_2,1_2&#8243; _builder_version=&#8221;4.9.4&#8243; _module_preset=&#8221;default&#8221;][et_pb_column type=&#8221;1_2&#8243; _builder_version=&#8221;4.9.4&#8243; _module_preset=&#8221;default&#8221;][et_pb_text _builder_version=&#8221;4.9.4&#8243; _module_preset=&#8221;default&#8221; animation_style=&#8221;slide&#8221;]<\/p>\n<h4 style=\"text-align: center;\"><strong><span style=\"color: #ffffff;\">Conception web avec WordPress<\/span><\/strong><\/h4>\n<p>[\/et_pb_text][\/et_pb_column][et_pb_column type=&#8221;1_2&#8243; _builder_version=&#8221;4.9.4&#8243; _module_preset=&#8221;default&#8221;][et_pb_image src=&#8221;https:\/\/entrepriseskd.ca\/wp-content\/uploads\/2022\/06\/png-transparent-web-development-wordpress-com-computer-icons-wordpress-blue-web-design-text.png&#8221; title_text=&#8221;png-transparent-web-development-wordpress-com-computer-icons-wordpress-blue-web-design-text&#8221; align=&#8221;center&#8221; _builder_version=&#8221;4.9.4&#8243; _module_preset=&#8221;default&#8221; width=&#8221;27%&#8221; module_alignment=&#8221;center&#8221; animation_style=&#8221;slide&#8221;][\/et_pb_image][\/et_pb_column][\/et_pb_row][et_pb_row _builder_version=&#8221;4.9.4&#8243; _module_preset=&#8221;default&#8221;][et_pb_column type=&#8221;4_4&#8243; _builder_version=&#8221;4.9.4&#8243; _module_preset=&#8221;default&#8221;][et_pb_text _builder_version=&#8221;4.9.4&#8243; _module_preset=&#8221;default&#8221; background_color=&#8221;rgba(158,158,158,0)&#8221; use_background_color_gradient=&#8221;on&#8221; background_color_gradient_end=&#8221;#000000&#8243; hover_enabled=&#8221;0&#8243; sticky_enabled=&#8221;0&#8243;]<\/p>\n<p>&nbsp;<\/p>\n<p>&nbsp;<\/p>\n<p>Bienvenue sur les services WordPress d&#8217;EntreprisesKD<\/p>\n<p>\u00cates-vous pr\u00eat \u00e0 renforcer votre pr\u00e9sence en ligne et \u00e0 faire une impression durable dans le monde num\u00e9rique\u00a0? Cherchez pas plus loin! EntreprisesKD est votre passerelle vers des sites Web WordPress \u00e9poustouflants et fonctionnels, con\u00e7us sur mesure pour captiver votre public et g\u00e9n\u00e9rer des r\u00e9sultats.<\/p>\n<p>Notre passion pour le design<\/p>\n<p>Chez EntreprisesKD, nous vivons et respirons le design web. Nous ne sommes pas seulement des designers ; nous sommes des artistes, des r\u00e9solveurs de probl\u00e8mes et des conteurs. Nous sommes passionn\u00e9s par la cr\u00e9ation de sites Web qui non seulement sont \u00e9poustouflants, mais qui offrent \u00e9galement des exp\u00e9riences utilisateur exceptionnelles.<\/p>\n<p>Pourquoi nous choisir?<\/p>\n<p>\u2022 EntreprisesKD : Nous pensons que votre site Web doit \u00eatre aussi unique que votre marque. Notre \u00e9quipe de designers talentueux travaillera en \u00e9troite collaboration avec vous pour cr\u00e9er un site WordPress qui refl\u00e8te votre vision et vos objectifs.<br \/>\u2022 Approche ax\u00e9e sur le mobile\u00a0: dans le monde d&#8217;aujourd&#8217;hui centr\u00e9 sur le mobile, disposer d&#8217;un site Web r\u00e9actif est crucial. Nous veillons \u00e0 ce que votre site Web s&#8217;affiche et fonctionne parfaitement sur tous les appareils, offrant ainsi une exp\u00e9rience fluide \u00e0 vos visiteurs.<br \/>\u2022 Conception centr\u00e9e sur l&#8217;utilisateur\u00a0: l&#8217;exp\u00e9rience utilisateur est au c\u0153ur de notre philosophie de conception. Nous accordons la priorit\u00e9 \u00e0 la convivialit\u00e9 et \u00e0 l&#8217;accessibilit\u00e9, permettant \u00e0 votre public de naviguer facilement sur votre site et de trouver les informations dont il a besoin.<br \/>\u2022 Optimisation SEO\u00a0: un beau site Web n&#8217;est efficace que si les gens peuvent le trouver. Nous int\u00e9grons les meilleures pratiques de r\u00e9f\u00e9rencement dans nos conceptions pour vous aider \u00e0 vous classer plus haut dans les r\u00e9sultats des moteurs de recherche et \u00e0 attirer plus de trafic organique.<br \/>\u2022 Solutions de commerce \u00e9lectronique\u00a0: Vous cherchez \u00e0 vendre des produits ou des services en ligne\u00a0? Nous pouvons cr\u00e9er un site Web de commerce \u00e9lectronique convivial qui rationalise le processus d\u2019achat et stimule vos ventes en ligne.<br \/>\u2022 Gestion de contenu\u00a0: nous vous permettons de prendre le contr\u00f4le de votre site Web gr\u00e2ce \u00e0 un syst\u00e8me de gestion de contenu (CMS) convivial. Mettez \u00e0 jour votre contenu, ajoutez de nouvelles pages et g\u00e9rez votre site sans effort.<br \/>\u2022 Vitesse et performances\u00a0: les sites Web lents peuvent dissuader les visiteurs. Nos techniques d&#8217;optimisation garantissent que votre site se charge rapidement, offrant une exp\u00e9rience de navigation fluide.<\/p>\n<p>Notre processus<br \/>1. D\u00e9couverte\u00a0: nous commen\u00e7ons par conna\u00eetre votre marque, vos objectifs et votre public cible. Comprendre votre vision est le fondement de notre processus de conception.<br \/>2. Conception : Nos designers talentueux donnent vie \u00e0 vos id\u00e9es avec des concepts cr\u00e9atifs, des maquettes et des prototypes. Nous travaillons en \u00e9troite collaboration avec vous pour affiner le design jusqu&#8217;\u00e0 ce qu&#8217;il soit parfait.<br \/>3. D\u00e9veloppement\u00a0: nos d\u00e9veloppeurs qualifi\u00e9s donnent vie au design, garantissant qu&#8217;il fonctionne parfaitement sur tous les appareils et navigateurs.<br \/>4. Tests\u00a0: Nous testons rigoureusement votre site Web pour garantir qu&#8217;il est exempt de bogues et qu&#8217;il fonctionne de mani\u00e8re optimale. Nous effectuons \u00e9galement des tests utilisateurs pour recueillir de pr\u00e9cieux commentaires.<br \/>5. Lancement\u00a0: Une fois que tout est en place et que vous \u00eates satisfait des r\u00e9sultats, nous lan\u00e7ons votre site Web \u00e0 la vue du monde entier.<br \/>6. Assistance\u00a0: Notre relation ne s&#8217;arr\u00eate pas au lancement. Nous fournissons une assistance, des mises \u00e0 jour et une maintenance continues pour assurer le bon fonctionnement de votre site Web.<\/p>\n<p>Commen\u00e7ons!<br \/>\u00cates-vous pr\u00eat \u00e0 faire passer votre pr\u00e9sence en ligne au niveau sup\u00e9rieur ? Contactez l&#8217;\u00e9quipe d\u00e8s aujourd&#8217;hui et embarquons-nous dans un voyage pour cr\u00e9er un superbe site Web WordPress qui vous distinguera de la concurrence. Votre r\u00e9ussite num\u00e9rique commence ici!<\/p>\n<p>[\/et_pb_text][\/et_pb_column][\/et_pb_row][et_pb_row _builder_version=&#8221;4.9.4&#8243; _module_preset=&#8221;default&#8221; background_enable_image=&#8221;off&#8221; min_height=&#8221;126px&#8221;][et_pb_column type=&#8221;4_4&#8243; _builder_version=&#8221;4.9.4&#8243; _module_preset=&#8221;default&#8221;][et_pb_button button_url=&#8221;@ET-DC@eyJkeW5hbWljIjp0cnVlLCJjb250ZW50IjoicG9zdF9saW5rX3VybF9wYWdlIiwic2V0dGluZ3MiOnsicG9zdF9pZCI6IjEzNyJ9fQ==@&#8221; button_text=&#8221;Contactez-nous&#8221; button_alignment=&#8221;center&#8221; _builder_version=&#8221;4.9.4&#8243; _dynamic_attributes=&#8221;button_url&#8221; _module_preset=&#8221;default&#8221; custom_button=&#8221;on&#8221; button_text_color=&#8221;#FFFFFF&#8221; button_bg_use_color_gradient=&#8221;on&#8221; button_bg_color_gradient_end=&#8221;#000000&#8243;][\/et_pb_button][\/et_pb_column][\/et_pb_row][\/et_pb_section]<\/p>\n","protected":false},"excerpt":{"rendered":"<p>Conception web avec WordPress&nbsp; &nbsp; Bienvenue sur les services WordPress d&#8217;EntreprisesKD \u00cates-vous pr\u00eat \u00e0 renforcer votre pr\u00e9sence en ligne et \u00e0 faire une impression durable dans le monde num\u00e9rique\u00a0? Cherchez pas plus loin! EntreprisesKD est votre passerelle vers des sites Web WordPress \u00e9poustouflants et fonctionnels, con\u00e7us sur mesure pour captiver votre public et g\u00e9n\u00e9rer des [&hellip;]<\/p>\n","protected":false},"author":1,"featured_media":0,"parent":0,"menu_order":0,"comment_status":"closed","ping_status":"closed","template":"","meta":{"_et_pb_use_builder":"on","_et_pb_old_content":"","_et_gb_content_width":"","footnotes":""},"class_list":["post-72","page","type-page","status-publish","hentry"],"_links":{"self":[{"href":"https:\/\/entrepriseskd.ca\/index.php\/wp-json\/wp\/v2\/pages\/72","targetHints":{"allow":["GET"]}}],"collection":[{"href":"https:\/\/entrepriseskd.ca\/index.php\/wp-json\/wp\/v2\/pages"}],"about":[{"href":"https:\/\/entrepriseskd.ca\/index.php\/wp-json\/wp\/v2\/types\/page"}],"author":[{"embeddable":true,"href":"https:\/\/entrepriseskd.ca\/index.php\/wp-json\/wp\/v2\/users\/1"}],"replies":[{"embeddable":true,"href":"https:\/\/entrepriseskd.ca\/index.php\/wp-json\/wp\/v2\/comments?post=72"}],"version-history":[{"count":12,"href":"https:\/\/entrepriseskd.ca\/index.php\/wp-json\/wp\/v2\/pages\/72\/revisions"}],"predecessor-version":[{"id":245,"href":"https:\/\/entrepriseskd.ca\/index.php\/wp-json\/wp\/v2\/pages\/72\/revisions\/245"}],"wp:attachment":[{"href":"https:\/\/entrepriseskd.ca\/index.php\/wp-json\/wp\/v2\/media?parent=72"}],"curies":[{"name":"wp","href":"https:\/\/api.w.org\/{rel}","templated":true}]}}