{"id":233,"date":"2022-08-12T13:15:48","date_gmt":"2022-08-12T17:15:48","guid":{"rendered":"https:\/\/entrepriseskd.ca\/?page_id=233"},"modified":"2023-12-02T21:47:09","modified_gmt":"2023-12-03T02:47:09","slug":"telephonie-ip","status":"publish","type":"page","link":"https:\/\/entrepriseskd.ca\/index.php\/telephonie-ip\/","title":{"rendered":"T\u00e9l\u00e9phonie IP"},"content":{"rendered":"<p>[et_pb_section fb_built=&#8221;1&#8243; _builder_version=&#8221;4.16&#8243; _module_preset=&#8221;default&#8221; use_background_color_gradient=&#8221;on&#8221; background_color_gradient_stops=&#8221;#2b87da 0%|#570ab5 100%&#8221; background_color_gradient_end=&#8221;#570ab5&#8243; background_enable_image=&#8221;off&#8221; global_colors_info=&#8221;{}&#8221;][et_pb_row column_structure=&#8221;1_2,1_2&#8243; _builder_version=&#8221;4.16&#8243; _module_preset=&#8221;default&#8221; global_colors_info=&#8221;{}&#8221;][et_pb_column type=&#8221;1_2&#8243; _builder_version=&#8221;4.16&#8243; _module_preset=&#8221;default&#8221; global_colors_info=&#8221;{}&#8221;][et_pb_text _builder_version=&#8221;4.16&#8243; _module_preset=&#8221;default&#8221; animation_style=&#8221;slide&#8221; global_colors_info=&#8221;{}&#8221;]<\/p>\n<h4 style=\"text-align: center;\"><strong><span style=\"color: #ffffff;\">Service De T\u00e9l\u00e9phonie IP<\/span><\/strong><\/h4>\n<p>[\/et_pb_text][\/et_pb_column][et_pb_column type=&#8221;1_2&#8243; _builder_version=&#8221;4.16&#8243; _module_preset=&#8221;default&#8221; global_colors_info=&#8221;{}&#8221;][et_pb_image src=&#8221;https:\/\/entrepriseskd.ca\/wp-content\/uploads\/2022\/08\/Logo-VoIPms-light.png&#8221; title_text=&#8221;Logo-VoIPms-light&#8221; align=&#8221;center&#8221; _builder_version=&#8221;4.16&#8243; _module_preset=&#8221;default&#8221; width=&#8221;27%&#8221; module_alignment=&#8221;center&#8221; animation_style=&#8221;slide&#8221; global_colors_info=&#8221;{}&#8221;][\/et_pb_image][\/et_pb_column][\/et_pb_row][et_pb_row _builder_version=&#8221;4.16&#8243; _module_preset=&#8221;default&#8221; global_colors_info=&#8221;{}&#8221;][et_pb_column type=&#8221;4_4&#8243; _builder_version=&#8221;4.16&#8243; _module_preset=&#8221;default&#8221; global_colors_info=&#8221;{}&#8221;][et_pb_text _builder_version=&#8221;4.16&#8243; _module_preset=&#8221;default&#8221; global_colors_info=&#8221;{}&#8221;]<\/p>\n<p><span>La t\u00e9l\u00e9phonie IP aussi appel\u00e9e\u00a0<\/span><strong>VOIP ou voix sur IP<\/strong><span>, d\u00e9signe un mode de t\u00e9l\u00e9phonie qui utilise le protocole de t\u00e9l\u00e9communications (IP pour Internet Protocole), afin d\u2019acheminer toutes les communications t\u00e9l\u00e9phoniques. La voix est num\u00e9ris\u00e9e puis regroup\u00e9e en paquets de donn\u00e9es num\u00e9riques afin d\u2019\u00eatre transport\u00e9e plus facilement par le r\u00e9seau via le protocole IP.<\/span><\/p>\n<p>[\/et_pb_text][et_pb_text _builder_version=&#8221;4.22.1&#8243; _module_preset=&#8221;default&#8221; global_colors_info=&#8221;{}&#8221;]<\/p>\n<p><strong>1. R\u00e9duction des co\u00fbts<\/strong><\/p>\n<p>L&#8217;un des principaux avantages de la t\u00e9l\u00e9phonie IP est la r\u00e9duction significative des co\u00fbts. En utilisant Internet pour les communications vocales, vous \u00e9liminez les frais de lignes t\u00e9l\u00e9phoniques traditionnelles, ce qui peut repr\u00e9senter des \u00e9conomies consid\u00e9rables. De plus, les appels longue distance deviennent beaucoup plus abordables, ce qui est id\u00e9al si votre entreprise a des clients ou des bureaux dans le monde entier.<\/p>\n<p><strong>2. Flexibilit\u00e9 et mobilit\u00e9<\/strong><\/p>\n<p>La t\u00e9l\u00e9phonie IP vous permet de rester connect\u00e9 n&#8217;importe o\u00f9 et \u00e0 tout moment. Vos employ\u00e9s peuvent utiliser leurs t\u00e9l\u00e9phones IP depuis n&#8217;importe quel endroit disposant d&#8217;une connexion Internet, ce qui favorise le t\u00e9l\u00e9travail et la mobilit\u00e9 professionnelle. De plus, les appels sont redirig\u00e9s de mani\u00e8re transparente vers les appareils de votre choix, que ce soit un t\u00e9l\u00e9phone de bureau, un ordinateur portable, une tablette ou m\u00eame un smartphone.<\/p>\n<p><strong>3. Fonctionnalit\u00e9s avanc\u00e9es<\/strong><\/p>\n<p>La t\u00e9l\u00e9phonie IP offre une gamme de fonctionnalit\u00e9s avanc\u00e9es qui am\u00e9liorent la productivit\u00e9 de votre entreprise. Parmi celles-ci, on compte la messagerie vocale, la vid\u00e9oconf\u00e9rence, la gestion des appels, la mise en attente, le transfert d&#8217;appels, la num\u00e9rotation automatique, la liste noire, et bien d&#8217;autres encore. Ces fonctionnalit\u00e9s rendent les communications internes et externes plus efficaces et professionnelles.<\/p>\n<p><strong>4. \u00c9volutivit\u00e9<\/strong><\/p>\n<p>La t\u00e9l\u00e9phonie IP est parfaitement adapt\u00e9e \u00e0 la croissance de votre entreprise. Vous pouvez ajouter ou supprimer facilement des lignes t\u00e9l\u00e9phoniques selon vos besoins, sans avoir \u00e0 installer de nouvelles infrastructures co\u00fbteuses. Vous avez ainsi la flexibilit\u00e9 n\u00e9cessaire pour vous d\u00e9velopper sans souci.<\/p>\n<p><strong>5. Qualit\u00e9 audio exceptionnelle<\/strong><\/p>\n<p>La technologie de la t\u00e9l\u00e9phonie IP offre une qualit\u00e9 audio exceptionnelle, g\u00e9n\u00e9ralement sup\u00e9rieure \u00e0 celle des lignes t\u00e9l\u00e9phoniques traditionnelles. Cela garantit des conversations claires et sans interruption, ce qui am\u00e9liore la satisfaction de la client\u00e8le et la communication interne.<\/p>\n<p><strong>6. Int\u00e9gration avec d&#8217;autres syst\u00e8mes<\/strong> La t\u00e9l\u00e9phonie IP peut \u00eatre int\u00e9gr\u00e9e \u00e0 d&#8217;autres syst\u00e8mes de communication et logiciels d&#8217;entreprise, tels que la gestion de la relation client (CRM) et les outils de collaboration. Cette int\u00e9gration facilite la gestion de vos communications et renforce l&#8217;efficacit\u00e9 op\u00e9rationnelle de votre entreprise.<\/p>\n<p>[\/et_pb_text][\/et_pb_column][\/et_pb_row][et_pb_row column_structure=&#8221;1_2,1_2&#8243; _builder_version=&#8221;4.16&#8243; _module_preset=&#8221;default&#8221; background_enable_image=&#8221;off&#8221; min_height=&#8221;126px&#8221; global_colors_info=&#8221;{}&#8221;][et_pb_column type=&#8221;1_2&#8243; _builder_version=&#8221;4.16&#8243; _module_preset=&#8221;default&#8221; global_colors_info=&#8221;{}&#8221;][et_pb_button button_url=&#8221;https:\/\/voipinterface.net\/site\/access\/signup\/332283&#8243; url_new_window=&#8221;on&#8221; button_text=&#8221;M&#8217;inscrire&#8221; button_alignment=&#8221;center&#8221; _builder_version=&#8221;4.22.1&#8243; _module_preset=&#8221;default&#8221; custom_button=&#8221;on&#8221; button_text_color=&#8221;#FFFFFF&#8221; button_bg_use_color_gradient=&#8221;on&#8221; button_bg_color_gradient_stops=&#8221;#2b87da 0%|#000000 100%&#8221; button_bg_color_gradient_end=&#8221;#000000&#8243; hover_enabled=&#8221;0&#8243; global_colors_info=&#8221;{}&#8221; sticky_enabled=&#8221;0&#8243;][\/et_pb_button][\/et_pb_column][et_pb_column type=&#8221;1_2&#8243; _builder_version=&#8221;4.16&#8243; _module_preset=&#8221;default&#8221; global_colors_info=&#8221;{}&#8221;][et_pb_button button_url=&#8221;http:\/\/www.voipinterface.net\/interface\/login.php?UID=332283&#8243; url_new_window=&#8221;on&#8221; button_text=&#8221;Acc\u00e9der \u00e0 mon compte&#8221; button_alignment=&#8221;center&#8221; _builder_version=&#8221;4.16&#8243; _module_preset=&#8221;default&#8221; custom_button=&#8221;on&#8221; button_text_color=&#8221;#FFFFFF&#8221; button_bg_use_color_gradient=&#8221;on&#8221; button_bg_color_gradient_stops=&#8221;#2b87da 0%|#000000 100%&#8221; button_bg_color_gradient_end=&#8221;#000000&#8243; global_colors_info=&#8221;{}&#8221;][\/et_pb_button][\/et_pb_column][\/et_pb_row][\/et_pb_section]<\/p>\n","protected":false},"excerpt":{"rendered":"<p>Service De T\u00e9l\u00e9phonie IPLa t\u00e9l\u00e9phonie IP aussi appel\u00e9e\u00a0VOIP ou voix sur IP, d\u00e9signe un mode de t\u00e9l\u00e9phonie qui utilise le protocole de t\u00e9l\u00e9communications (IP pour Internet Protocole), afin d\u2019acheminer toutes les communications t\u00e9l\u00e9phoniques. La voix est num\u00e9ris\u00e9e puis regroup\u00e9e en paquets de donn\u00e9es num\u00e9riques afin d\u2019\u00eatre transport\u00e9e plus facilement par le r\u00e9seau via le protocole [&hellip;]<\/p>\n","protected":false},"author":1,"featured_media":0,"parent":0,"menu_order":0,"comment_status":"closed","ping_status":"closed","template":"","meta":{"_et_pb_use_builder":"on","_et_pb_old_content":"","_et_gb_content_width":"","footnotes":""},"class_list":["post-233","page","type-page","status-publish","hentry"],"_links":{"self":[{"href":"https:\/\/entrepriseskd.ca\/index.php\/wp-json\/wp\/v2\/pages\/233","targetHints":{"allow":["GET"]}}],"collection":[{"href":"https:\/\/entrepriseskd.ca\/index.php\/wp-json\/wp\/v2\/pages"}],"about":[{"href":"https:\/\/entrepriseskd.ca\/index.php\/wp-json\/wp\/v2\/types\/page"}],"author":[{"embeddable":true,"href":"https:\/\/entrepriseskd.ca\/index.php\/wp-json\/wp\/v2\/users\/1"}],"replies":[{"embeddable":true,"href":"https:\/\/entrepriseskd.ca\/index.php\/wp-json\/wp\/v2\/comments?post=233"}],"version-history":[{"count":5,"href":"https:\/\/entrepriseskd.ca\/index.php\/wp-json\/wp\/v2\/pages\/233\/revisions"}],"predecessor-version":[{"id":250,"href":"https:\/\/entrepriseskd.ca\/index.php\/wp-json\/wp\/v2\/pages\/233\/revisions\/250"}],"wp:attachment":[{"href":"https:\/\/entrepriseskd.ca\/index.php\/wp-json\/wp\/v2\/media?parent=233"}],"curies":[{"name":"wp","href":"https:\/\/api.w.org\/{rel}","templated":true}]}}