{"id":119,"date":"2022-05-16T11:25:10","date_gmt":"2022-05-16T15:25:10","guid":{"rendered":"https:\/\/entrepriseskd.ca\/?page_id=119"},"modified":"2022-05-16T13:24:59","modified_gmt":"2022-05-16T17:24:59","slug":"nos-partenaires","status":"publish","type":"page","link":"https:\/\/entrepriseskd.ca\/index.php\/nos-partenaires\/","title":{"rendered":"Nos Partenaires"},"content":{"rendered":"<p>[et_pb_section fb_built=&#8221;1&#8243; _builder_version=&#8221;4.9.4&#8243; _module_preset=&#8221;default&#8221; use_background_color_gradient=&#8221;on&#8221; background_color_gradient_end=&#8221;#570ab5&#8243; background_enable_image=&#8221;off&#8221;][et_pb_row _builder_version=&#8221;4.9.4&#8243; _module_preset=&#8221;default&#8221;][et_pb_column type=&#8221;4_4&#8243; _builder_version=&#8221;4.9.4&#8243; _module_preset=&#8221;default&#8221;][et_pb_image src=&#8221;https:\/\/entrepriseskd.ca\/wp-content\/uploads\/2022\/05\/FINAL_Entreprises-kd-01.png&#8221; title_text=&#8221;FINAL_Entreprises kd-01&#8243; align=&#8221;center&#8221; _builder_version=&#8221;4.9.4&#8243; _module_preset=&#8221;default&#8221; use_background_color_gradient=&#8221;on&#8221; background_color_gradient_end=&#8221;#000000&#8243; width=&#8221;27%&#8221; module_alignment=&#8221;center&#8221;][\/et_pb_image][\/et_pb_column][\/et_pb_row][et_pb_row _builder_version=&#8221;4.9.4&#8243; _module_preset=&#8221;default&#8221;][et_pb_column type=&#8221;4_4&#8243; _builder_version=&#8221;4.9.4&#8243; _module_preset=&#8221;default&#8221;][et_pb_text _builder_version=&#8221;4.9.4&#8243; _module_preset=&#8221;default&#8221; background_color=&#8221;rgba(158,158,158,0)&#8221; use_background_color_gradient=&#8221;on&#8221; background_color_gradient_end=&#8221;#000000&#8243;]<\/p>\n<p style=\"text-align: center;\"><span style=\"color: #ffffff;\"><strong>NOS PARTENAIRES<\/strong><\/span><\/p>\n<p>[\/et_pb_text][\/et_pb_column][\/et_pb_row][et_pb_row column_structure=&#8221;1_3,1_3,1_3&#8243; _builder_version=&#8221;4.9.4&#8243; _module_preset=&#8221;default&#8221; background_enable_image=&#8221;off&#8221; min_height=&#8221;126px&#8221;][et_pb_column type=&#8221;1_3&#8243; _builder_version=&#8221;4.9.4&#8243; _module_preset=&#8221;default&#8221;][et_pb_text _builder_version=&#8221;4.9.4&#8243; _module_preset=&#8221;default&#8221; background_color=&#8221;#FFFFFF&#8221;]<\/p>\n<p style=\"text-align: center;\"><img loading=\"lazy\" decoding=\"async\" src=\"https:\/\/bricolhome.ca\/wp-content\/uploads\/2022\/02\/272766069_323754663034168_8656385260291230930_n-300x122.jpg\" width=\"300\" height=\"122\" alt=\"\" class=\"wp-image-884 alignnone size-medium\"><\/p>\n<p style=\"text-align: center;\"><span style=\"color: #000000;\"><span style=\"font-family: Verdana, Arial, Helvetica, sans-serif; font-size: small;\"><b>H\u00e9bergement web<\/b><\/span><\/span><\/p>\n<p style=\"text-align: center;\"><span style=\"color: #000000;\"><span style=\"font-family: Verdana, Arial, Helvetica, sans-serif; font-size: small;\"><b>514-552-4257<\/b><\/span><br \/>\n<span style=\"font-family: Verdana, Arial, Helvetica, sans-serif; font-size: small;\"><b><\/b><\/span><\/span><span style=\"color: #0c71c3;\"><a href=\"https:\/\/efaxo.com\/index.php?choix=1\" style=\"color: #0c71c3;\" target=\"_blank\" rel=\"noopener\">Voir le site<\/a><\/span><\/p>\n<p style=\"text-align: center;\"><span style=\"color: #000000;\"><\/span><\/p>\n<p style=\"text-align: center;\">[\/et_pb_text][\/et_pb_column][et_pb_column type=&#8221;1_3&#8243; _builder_version=&#8221;4.9.4&#8243; _module_preset=&#8221;default&#8221;][et_pb_text _builder_version=&#8221;4.9.4&#8243; _module_preset=&#8221;default&#8221; background_color=&#8221;#FFFFFF&#8221; hover_enabled=&#8221;0&#8243; locked=&#8221;off&#8221; sticky_enabled=&#8221;0&#8243;]<\/p>\n<p style=\"text-align: center;\"><img loading=\"lazy\" decoding=\"async\" src=\"https:\/\/entrepriseskd.ca\/wp-content\/uploads\/2022\/05\/d19c3d7702239.57fd0ed9b7bb4-150x150.jpeg\" width=\"150\" height=\"150\" alt=\"\" class=\"wp-image-30 aligncenter size-thumbnail\" srcset=\"https:\/\/entrepriseskd.ca\/wp-content\/uploads\/2022\/05\/d19c3d7702239.57fd0ed9b7bb4-150x150.jpeg 150w, https:\/\/entrepriseskd.ca\/wp-content\/uploads\/2022\/05\/d19c3d7702239.57fd0ed9b7bb4.jpeg 276w\" sizes=\"auto, (max-width: 150px) 100vw, 150px\" \/><\/p>\n<p style=\"text-align: center;\"><span style=\"color: #000000;\"><span style=\"font-family: Verdana, Arial, Helvetica, sans-serif; font-size: small;\"><b>MP GRAPHISME<\/b><\/span><\/span><\/p>\n<p style=\"text-align: center;\">\n<p style=\"text-align: center;\">[\/et_pb_text][\/et_pb_column][et_pb_column type=&#8221;1_3&#8243; _builder_version=&#8221;4.9.4&#8243; _module_preset=&#8221;default&#8221;][et_pb_text _builder_version=&#8221;4.9.4&#8243; _module_preset=&#8221;default&#8221; background_color=&#8221;#FFFFFF&#8221; locked=&#8221;off&#8221;]<\/p>\n<p style=\"text-align: center;\"><img loading=\"lazy\" decoding=\"async\" src=\"https:\/\/bricolhome.ca\/wp-content\/uploads\/2022\/02\/272058069_702049804294753_597512851114806584_n.2-300x130.png\" width=\"243\" height=\"105\" alt=\"\" class=\"wp-image-887 alignnone size-medium\"><\/p>\n<p style=\"text-align: center;\"><strong><span style=\"color: #000000;\">Gestion et restructuration d&#8217;entreprises<br \/>\nCoaching entreprises et individus<br \/>\nCr\u00e9ation de contenu<br \/>\nServices de correction, r\u00e9vision, traduction<\/span><\/strong><\/p>\n<p style=\"text-align: center;\"><strong><span style=\"color: #000000;\">Rosaria-Maria Malt\u00e8re<\/span><\/strong><\/p>\n<p style=\"text-align: center;\"><span style=\"color: #0c71c3;\"><a href=\"mailto:rosaria.maltere@productionsmaroma.com\" style=\"color: #0c71c3;\">rosaria.maltere@productionsmaroma.com<\/a>&nbsp;<\/span><\/p>\n<p style=\"text-align: center;\"><strong><span style=\"color: #000000;\">514 206 7905<\/span><\/strong><span style=\"color: #000000;\"><\/span><\/p>\n<p style=\"text-align: center;\">[\/et_pb_text][\/et_pb_column][\/et_pb_row][\/et_pb_section]<\/p>\n","protected":false},"excerpt":{"rendered":"<p>NOS PARTENAIRES H\u00e9bergement web 514-552-4257 Voir le site MP GRAPHISME Gestion et restructuration d&#8217;entreprises Coaching entreprises et individus Cr\u00e9ation de contenu Services de correction, r\u00e9vision, traduction Rosaria-Maria Malt\u00e8re rosaria.maltere@productionsmaroma.com&nbsp; 514 206 7905<\/p>\n","protected":false},"author":1,"featured_media":0,"parent":0,"menu_order":0,"comment_status":"closed","ping_status":"closed","template":"","meta":{"_et_pb_use_builder":"on","_et_pb_old_content":"","_et_gb_content_width":"","footnotes":""},"class_list":["post-119","page","type-page","status-publish","hentry"],"_links":{"self":[{"href":"https:\/\/entrepriseskd.ca\/index.php\/wp-json\/wp\/v2\/pages\/119","targetHints":{"allow":["GET"]}}],"collection":[{"href":"https:\/\/entrepriseskd.ca\/index.php\/wp-json\/wp\/v2\/pages"}],"about":[{"href":"https:\/\/entrepriseskd.ca\/index.php\/wp-json\/wp\/v2\/types\/page"}],"author":[{"embeddable":true,"href":"https:\/\/entrepriseskd.ca\/index.php\/wp-json\/wp\/v2\/users\/1"}],"replies":[{"embeddable":true,"href":"https:\/\/entrepriseskd.ca\/index.php\/wp-json\/wp\/v2\/comments?post=119"}],"version-history":[{"count":6,"href":"https:\/\/entrepriseskd.ca\/index.php\/wp-json\/wp\/v2\/pages\/119\/revisions"}],"predecessor-version":[{"id":167,"href":"https:\/\/entrepriseskd.ca\/index.php\/wp-json\/wp\/v2\/pages\/119\/revisions\/167"}],"wp:attachment":[{"href":"https:\/\/entrepriseskd.ca\/index.php\/wp-json\/wp\/v2\/media?parent=119"}],"curies":[{"name":"wp","href":"https:\/\/api.w.org\/{rel}","templated":true}]}}